{"id":23,"date":"2016-01-12T16:22:42","date_gmt":"2016-01-12T16:22:42","guid":{"rendered":"http:\/\/xn--dbbelt-lepping-vpb.de\/?page_id=23"},"modified":"2020-10-30T20:28:40","modified_gmt":"2020-10-30T20:28:40","slug":"almsick-im-muensterland","status":"publish","type":"page","link":"https:\/\/xn--dbbelt-lepping-vpb.de\/","title":{"rendered":"Hofportrait"},"content":{"rendered":"<h3><span style=\"color: #646414;\">anerkannter Ausbildungsbetrieb seit 2015<\/span><\/h3>\n<p>Der Hof D\u00f6bbelt-Lepping befindet sich in der Stadtlohner Bauerschaft Almsick. Dort ist eine typische westf\u00e4lische Landwirtschaft zu finden.<\/p>\n<p><img decoding=\"async\" loading=\"lazy\" class=\"alignnone size-full wp-image-439\" src=\"http:\/\/xn--dbbelt-lepping-vpb.de\/wp-content\/uploads\/2019\/01\/bauernhaus-panorama.jpg\" alt=\"\" width=\"1800\" height=\"750\" srcset=\"https:\/\/xn--dbbelt-lepping-vpb.de\/wp-content\/uploads\/2019\/01\/bauernhaus-panorama.jpg 1800w, https:\/\/xn--dbbelt-lepping-vpb.de\/wp-content\/uploads\/2019\/01\/bauernhaus-panorama-300x125.jpg 300w, https:\/\/xn--dbbelt-lepping-vpb.de\/wp-content\/uploads\/2019\/01\/bauernhaus-panorama-768x320.jpg 768w, https:\/\/xn--dbbelt-lepping-vpb.de\/wp-content\/uploads\/2019\/01\/bauernhaus-panorama-1024x427.jpg 1024w\" sizes=\"(max-width: 1800px) 100vw, 1800px\" \/><\/p>\n<p>Die Geb\u00e4ude sind umgeben von einem kleinen W\u00e4ldchen und alten Wallhecken und f\u00fcgen sich harmonisch in die m\u00fcnsterl\u00e4ndische Parklandschaft.<\/p>\n<h3>Viehzucht mit Tradition<\/h3>\n<p><img decoding=\"async\" src=\"http:\/\/xn--dbbelt-lepping-vpb.de\/wp-content\/uploads\/2019\/02\/limousin-auf-wiese.jpg\" \/><\/p>\n<p>Die Viehzucht ist bereits seit Jahrhunderten auf dem Hof D\u00f6bbelt-Lepping\u00a0verankert. Dabei war das Tierwohl immer selbstverst\u00e4ndlich. Eine\u00a0artgerechte Tierhaltung war, ist und bleibt\u00a0immer eines der wichtigsten\u00a0Ziele des jeweiligen Betriebsleiters.<\/p>\n<p>Mit dem\u00a0Vieh wurde seit jeher\u00a0gut umgegangen, es ist schlie\u00dflich die wichtigste Einnahmequelle f\u00fcr die Landwirtsfamilie. Der Betrieb wird bereits erstmalig als Hof Lepping im 14. Jahrhundert auf alten geographischen\u00a0Karten genannt.<\/p>\n<h4>Mehrere Betriebszweige<\/h4>\n<p>Trotz der immer st\u00e4rkeren Spezialisierung in der Landwirtschaft, hat der Betrieb D\u00f6bbelt-Lepping\u00a0\u00fcber die Jahre hinweg\u00a0mehrere Betriebszweige beibehalten.<\/p>\n<p>Dies bringt zwar mehr Arbeit und auch mehr notwendiges Fachwissen f\u00fcr den Betriebsleiter mit sich, jedoch ist dies immer auch eine Risikoverteilung bei schwankenden M\u00e4rkten.<\/p>\n<h4>Betriebszweige:<\/h4>\n<ul>\n<li>Limousin Qualit\u00e4tsfleisch Erzeugung<\/li>\n<li>Ackerbau<\/li>\n<li>Erneuerbare Energien\n<ul>\n<li>Biogas<\/li>\n<li>Photovoltaik<\/li>\n<li>Windkraft<\/li>\n<\/ul>\n<\/li>\n<li>Schweinezucht &#8211; bis Ende 2017<\/li>\n<\/ul>\n<h4>Westf\u00e4lische Werte<\/h4>\n<p><img decoding=\"async\" loading=\"lazy\" class=\"wp-image-344  alignleft\" src=\"http:\/\/xn--dbbelt-lepping-vpb.de\/wp-content\/uploads\/2019\/01\/bauerndiele-westfalen-200x300.jpg\" alt=\"\" width=\"184\" height=\"276\" srcset=\"https:\/\/xn--dbbelt-lepping-vpb.de\/wp-content\/uploads\/2019\/01\/bauerndiele-westfalen-200x300.jpg 200w, https:\/\/xn--dbbelt-lepping-vpb.de\/wp-content\/uploads\/2019\/01\/bauerndiele-westfalen-768x1152.jpg 768w, https:\/\/xn--dbbelt-lepping-vpb.de\/wp-content\/uploads\/2019\/01\/bauerndiele-westfalen-683x1024.jpg 683w, https:\/\/xn--dbbelt-lepping-vpb.de\/wp-content\/uploads\/2019\/01\/bauerndiele-westfalen.jpg 800w\" sizes=\"(max-width: 184px) 100vw, 184px\" \/><\/p>\n<p>Traditionsdenken, moderne Technik und eine\u00a0gute Qualifikation aller Mitarbeiter auf dem Familienbetrieb machen erfolgreiche Landwirtschaft auch im 21. Jahrhundert m\u00f6glich.<\/p>\n<p>Wesentliche Werte werden seit Generationen weitergegeben, hier ein paar Fotos mit den handgeschnitzten Kaminverzierungen in der Bauerdiele.<\/p>\n<div id='gallery-1' class='gallery galleryid-23 gallery-columns-3 gallery-size-medium'><figure class='gallery-item'>\n\t\t\t<div class='gallery-icon landscape'>\n\t\t\t\t<img width=\"300\" height=\"113\" src=\"https:\/\/xn--dbbelt-lepping-vpb.de\/wp-content\/uploads\/2019\/01\/Gottes-Segen-geschnitzt-300x113.jpg\" class=\"attachment-medium size-medium\" alt=\"\" decoding=\"async\" loading=\"lazy\" aria-describedby=\"gallery-1-334\" srcset=\"https:\/\/xn--dbbelt-lepping-vpb.de\/wp-content\/uploads\/2019\/01\/Gottes-Segen-geschnitzt-300x113.jpg 300w, https:\/\/xn--dbbelt-lepping-vpb.de\/wp-content\/uploads\/2019\/01\/Gottes-Segen-geschnitzt-768x288.jpg 768w, https:\/\/xn--dbbelt-lepping-vpb.de\/wp-content\/uploads\/2019\/01\/Gottes-Segen-geschnitzt-1024x384.jpg 1024w, https:\/\/xn--dbbelt-lepping-vpb.de\/wp-content\/uploads\/2019\/01\/Gottes-Segen-geschnitzt.jpg 1600w\" sizes=\"(max-width: 300px) 100vw, 300px\" \/>\n\t\t\t<\/div>\n\t\t\t\t<figcaption class='wp-caption-text gallery-caption' id='gallery-1-334'>\n\t\t\t\tSegen f\u00fcr die Arbeit\n\t\t\t\t<\/figcaption><\/figure><figure class='gallery-item'>\n\t\t\t<div class='gallery-icon landscape'>\n\t\t\t\t<img width=\"300\" height=\"150\" src=\"https:\/\/xn--dbbelt-lepping-vpb.de\/wp-content\/uploads\/2019\/01\/kuh-geschnitzt-300x150.jpg\" class=\"attachment-medium size-medium\" alt=\"\" decoding=\"async\" loading=\"lazy\" aria-describedby=\"gallery-1-343\" srcset=\"https:\/\/xn--dbbelt-lepping-vpb.de\/wp-content\/uploads\/2019\/01\/kuh-geschnitzt-300x150.jpg 300w, https:\/\/xn--dbbelt-lepping-vpb.de\/wp-content\/uploads\/2019\/01\/kuh-geschnitzt-768x384.jpg 768w, https:\/\/xn--dbbelt-lepping-vpb.de\/wp-content\/uploads\/2019\/01\/kuh-geschnitzt-1024x512.jpg 1024w, https:\/\/xn--dbbelt-lepping-vpb.de\/wp-content\/uploads\/2019\/01\/kuh-geschnitzt.jpg 1200w\" sizes=\"(max-width: 300px) 100vw, 300px\" \/>\n\t\t\t<\/div>\n\t\t\t\t<figcaption class='wp-caption-text gallery-caption' id='gallery-1-343'>\n\t\t\t\tRinderhaltung\n\t\t\t\t<\/figcaption><\/figure><figure class='gallery-item'>\n\t\t\t<div class='gallery-icon landscape'>\n\t\t\t\t<img width=\"300\" height=\"150\" src=\"https:\/\/xn--dbbelt-lepping-vpb.de\/wp-content\/uploads\/2019\/01\/wind-geschnitzt-300x150.jpg\" class=\"attachment-medium size-medium\" alt=\"\" decoding=\"async\" loading=\"lazy\" aria-describedby=\"gallery-1-338\" srcset=\"https:\/\/xn--dbbelt-lepping-vpb.de\/wp-content\/uploads\/2019\/01\/wind-geschnitzt-300x150.jpg 300w, https:\/\/xn--dbbelt-lepping-vpb.de\/wp-content\/uploads\/2019\/01\/wind-geschnitzt-768x384.jpg 768w, https:\/\/xn--dbbelt-lepping-vpb.de\/wp-content\/uploads\/2019\/01\/wind-geschnitzt-1024x512.jpg 1024w, https:\/\/xn--dbbelt-lepping-vpb.de\/wp-content\/uploads\/2019\/01\/wind-geschnitzt.jpg 1200w\" sizes=\"(max-width: 300px) 100vw, 300px\" \/>\n\t\t\t<\/div>\n\t\t\t\t<figcaption class='wp-caption-text gallery-caption' id='gallery-1-338'>\n\t\t\t\tWindenergie\n\t\t\t\t<\/figcaption><\/figure><figure class='gallery-item'>\n\t\t\t<div class='gallery-icon landscape'>\n\t\t\t\t<img width=\"300\" height=\"129\" src=\"https:\/\/xn--dbbelt-lepping-vpb.de\/wp-content\/uploads\/2019\/01\/landmaschinen-geschnitzt-300x129.jpg\" class=\"attachment-medium size-medium\" alt=\"\" decoding=\"async\" loading=\"lazy\" aria-describedby=\"gallery-1-329\" srcset=\"https:\/\/xn--dbbelt-lepping-vpb.de\/wp-content\/uploads\/2019\/01\/landmaschinen-geschnitzt-300x129.jpg 300w, https:\/\/xn--dbbelt-lepping-vpb.de\/wp-content\/uploads\/2019\/01\/landmaschinen-geschnitzt-768x329.jpg 768w, https:\/\/xn--dbbelt-lepping-vpb.de\/wp-content\/uploads\/2019\/01\/landmaschinen-geschnitzt-1024x439.jpg 1024w, https:\/\/xn--dbbelt-lepping-vpb.de\/wp-content\/uploads\/2019\/01\/landmaschinen-geschnitzt.jpg 1400w\" sizes=\"(max-width: 300px) 100vw, 300px\" \/>\n\t\t\t<\/div>\n\t\t\t\t<figcaption class='wp-caption-text gallery-caption' id='gallery-1-329'>\n\t\t\t\tLandmaschinen\n\t\t\t\t<\/figcaption><\/figure><figure class='gallery-item'>\n\t\t\t<div class='gallery-icon landscape'>\n\t\t\t\t<img width=\"300\" height=\"150\" src=\"https:\/\/xn--dbbelt-lepping-vpb.de\/wp-content\/uploads\/2019\/01\/Saat-geschnitzt-300x150.jpg\" class=\"attachment-medium size-medium\" alt=\"\" decoding=\"async\" loading=\"lazy\" aria-describedby=\"gallery-1-333\" srcset=\"https:\/\/xn--dbbelt-lepping-vpb.de\/wp-content\/uploads\/2019\/01\/Saat-geschnitzt-300x150.jpg 300w, https:\/\/xn--dbbelt-lepping-vpb.de\/wp-content\/uploads\/2019\/01\/Saat-geschnitzt-768x384.jpg 768w, https:\/\/xn--dbbelt-lepping-vpb.de\/wp-content\/uploads\/2019\/01\/Saat-geschnitzt-1024x512.jpg 1024w, https:\/\/xn--dbbelt-lepping-vpb.de\/wp-content\/uploads\/2019\/01\/Saat-geschnitzt.jpg 1200w\" sizes=\"(max-width: 300px) 100vw, 300px\" \/>\n\t\t\t<\/div>\n\t\t\t\t<figcaption class='wp-caption-text gallery-caption' id='gallery-1-333'>\n\t\t\t\tFeldbestellung\n\t\t\t\t<\/figcaption><\/figure><figure class='gallery-item'>\n\t\t\t<div class='gallery-icon landscape'>\n\t\t\t\t<img width=\"300\" height=\"150\" src=\"https:\/\/xn--dbbelt-lepping-vpb.de\/wp-content\/uploads\/2019\/01\/schwein-geschnitzt-300x150.jpg\" class=\"attachment-medium size-medium\" alt=\"\" decoding=\"async\" loading=\"lazy\" aria-describedby=\"gallery-1-340\" srcset=\"https:\/\/xn--dbbelt-lepping-vpb.de\/wp-content\/uploads\/2019\/01\/schwein-geschnitzt-300x150.jpg 300w, https:\/\/xn--dbbelt-lepping-vpb.de\/wp-content\/uploads\/2019\/01\/schwein-geschnitzt-768x384.jpg 768w, https:\/\/xn--dbbelt-lepping-vpb.de\/wp-content\/uploads\/2019\/01\/schwein-geschnitzt-1024x512.jpg 1024w, https:\/\/xn--dbbelt-lepping-vpb.de\/wp-content\/uploads\/2019\/01\/schwein-geschnitzt.jpg 1200w\" sizes=\"(max-width: 300px) 100vw, 300px\" \/>\n\t\t\t<\/div>\n\t\t\t\t<figcaption class='wp-caption-text gallery-caption' id='gallery-1-340'>\n\t\t\t\tSchweinehaltung\n\t\t\t\t<\/figcaption><\/figure><figure class='gallery-item'>\n\t\t\t<div class='gallery-icon landscape'>\n\t\t\t\t<img width=\"300\" height=\"129\" src=\"https:\/\/xn--dbbelt-lepping-vpb.de\/wp-content\/uploads\/2019\/01\/feldarbeit-geschnitzt-300x129.jpg\" class=\"attachment-medium size-medium\" alt=\"\" decoding=\"async\" loading=\"lazy\" aria-describedby=\"gallery-1-330\" srcset=\"https:\/\/xn--dbbelt-lepping-vpb.de\/wp-content\/uploads\/2019\/01\/feldarbeit-geschnitzt-300x129.jpg 300w, https:\/\/xn--dbbelt-lepping-vpb.de\/wp-content\/uploads\/2019\/01\/feldarbeit-geschnitzt-768x329.jpg 768w, https:\/\/xn--dbbelt-lepping-vpb.de\/wp-content\/uploads\/2019\/01\/feldarbeit-geschnitzt-1024x439.jpg 1024w, https:\/\/xn--dbbelt-lepping-vpb.de\/wp-content\/uploads\/2019\/01\/feldarbeit-geschnitzt.jpg 1400w\" sizes=\"(max-width: 300px) 100vw, 300px\" \/>\n\t\t\t<\/div>\n\t\t\t\t<figcaption class='wp-caption-text gallery-caption' id='gallery-1-330'>\n\t\t\t\tFeldarbeit\n\t\t\t\t<\/figcaption><\/figure><figure class='gallery-item'>\n\t\t\t<div class='gallery-icon landscape'>\n\t\t\t\t<img width=\"300\" height=\"180\" src=\"https:\/\/xn--dbbelt-lepping-vpb.de\/wp-content\/uploads\/2019\/01\/schmetterling-geschnitzt-300x180.jpg\" class=\"attachment-medium size-medium\" alt=\"\" decoding=\"async\" loading=\"lazy\" aria-describedby=\"gallery-1-339\" srcset=\"https:\/\/xn--dbbelt-lepping-vpb.de\/wp-content\/uploads\/2019\/01\/schmetterling-geschnitzt-300x180.jpg 300w, https:\/\/xn--dbbelt-lepping-vpb.de\/wp-content\/uploads\/2019\/01\/schmetterling-geschnitzt-768x461.jpg 768w, https:\/\/xn--dbbelt-lepping-vpb.de\/wp-content\/uploads\/2019\/01\/schmetterling-geschnitzt.jpg 1000w\" sizes=\"(max-width: 300px) 100vw, 300px\" \/>\n\t\t\t<\/div>\n\t\t\t\t<figcaption class='wp-caption-text gallery-caption' id='gallery-1-339'>\n\t\t\t\tInsekten\n\t\t\t\t<\/figcaption><\/figure><figure class='gallery-item'>\n\t\t\t<div class='gallery-icon landscape'>\n\t\t\t\t<img width=\"300\" height=\"150\" src=\"https:\/\/xn--dbbelt-lepping-vpb.de\/wp-content\/uploads\/2019\/01\/sonne-geschnitzt-300x150.jpg\" class=\"attachment-medium size-medium\" alt=\"\" decoding=\"async\" loading=\"lazy\" aria-describedby=\"gallery-1-337\" srcset=\"https:\/\/xn--dbbelt-lepping-vpb.de\/wp-content\/uploads\/2019\/01\/sonne-geschnitzt-300x150.jpg 300w, https:\/\/xn--dbbelt-lepping-vpb.de\/wp-content\/uploads\/2019\/01\/sonne-geschnitzt-768x384.jpg 768w, https:\/\/xn--dbbelt-lepping-vpb.de\/wp-content\/uploads\/2019\/01\/sonne-geschnitzt-1024x512.jpg 1024w, https:\/\/xn--dbbelt-lepping-vpb.de\/wp-content\/uploads\/2019\/01\/sonne-geschnitzt.jpg 1200w\" sizes=\"(max-width: 300px) 100vw, 300px\" \/>\n\t\t\t<\/div>\n\t\t\t\t<figcaption class='wp-caption-text gallery-caption' id='gallery-1-337'>\n\t\t\t\tSonnenenergie\n\t\t\t\t<\/figcaption><\/figure><figure class='gallery-item'>\n\t\t\t<div class='gallery-icon landscape'>\n\t\t\t\t<img width=\"300\" height=\"150\" src=\"https:\/\/xn--dbbelt-lepping-vpb.de\/wp-content\/uploads\/2019\/01\/ernte-geschnitzt-300x150.jpg\" class=\"attachment-medium size-medium\" alt=\"\" decoding=\"async\" loading=\"lazy\" aria-describedby=\"gallery-1-332\" srcset=\"https:\/\/xn--dbbelt-lepping-vpb.de\/wp-content\/uploads\/2019\/01\/ernte-geschnitzt-300x150.jpg 300w, https:\/\/xn--dbbelt-lepping-vpb.de\/wp-content\/uploads\/2019\/01\/ernte-geschnitzt-768x384.jpg 768w, https:\/\/xn--dbbelt-lepping-vpb.de\/wp-content\/uploads\/2019\/01\/ernte-geschnitzt-1024x512.jpg 1024w, https:\/\/xn--dbbelt-lepping-vpb.de\/wp-content\/uploads\/2019\/01\/ernte-geschnitzt.jpg 1200w\" sizes=\"(max-width: 300px) 100vw, 300px\" \/>\n\t\t\t<\/div>\n\t\t\t\t<figcaption class='wp-caption-text gallery-caption' id='gallery-1-332'>\n\t\t\t\tArbeitskraft\n\t\t\t\t<\/figcaption><\/figure><figure class='gallery-item'>\n\t\t\t<div class='gallery-icon landscape'>\n\t\t\t\t<img width=\"300\" height=\"150\" src=\"https:\/\/xn--dbbelt-lepping-vpb.de\/wp-content\/uploads\/2019\/01\/Fuhrwerk-geschnitzt-300x150.jpg\" class=\"attachment-medium size-medium\" alt=\"\" decoding=\"async\" loading=\"lazy\" aria-describedby=\"gallery-1-341\" srcset=\"https:\/\/xn--dbbelt-lepping-vpb.de\/wp-content\/uploads\/2019\/01\/Fuhrwerk-geschnitzt-300x150.jpg 300w, https:\/\/xn--dbbelt-lepping-vpb.de\/wp-content\/uploads\/2019\/01\/Fuhrwerk-geschnitzt-768x384.jpg 768w, https:\/\/xn--dbbelt-lepping-vpb.de\/wp-content\/uploads\/2019\/01\/Fuhrwerk-geschnitzt-1024x512.jpg 1024w, https:\/\/xn--dbbelt-lepping-vpb.de\/wp-content\/uploads\/2019\/01\/Fuhrwerk-geschnitzt.jpg 1200w\" sizes=\"(max-width: 300px) 100vw, 300px\" \/>\n\t\t\t<\/div>\n\t\t\t\t<figcaption class='wp-caption-text gallery-caption' id='gallery-1-341'>\n\t\t\t\tPferdekraft\n\t\t\t\t<\/figcaption><\/figure><figure class='gallery-item'>\n\t\t\t<div class='gallery-icon landscape'>\n\t\t\t\t<img width=\"300\" height=\"129\" src=\"https:\/\/xn--dbbelt-lepping-vpb.de\/wp-content\/uploads\/2019\/01\/hofanlage-geschnitzt-300x129.jpg\" class=\"attachment-medium size-medium\" alt=\"\" decoding=\"async\" loading=\"lazy\" aria-describedby=\"gallery-1-331\" srcset=\"https:\/\/xn--dbbelt-lepping-vpb.de\/wp-content\/uploads\/2019\/01\/hofanlage-geschnitzt-300x129.jpg 300w, https:\/\/xn--dbbelt-lepping-vpb.de\/wp-content\/uploads\/2019\/01\/hofanlage-geschnitzt-768x329.jpg 768w, https:\/\/xn--dbbelt-lepping-vpb.de\/wp-content\/uploads\/2019\/01\/hofanlage-geschnitzt-1024x439.jpg 1024w, https:\/\/xn--dbbelt-lepping-vpb.de\/wp-content\/uploads\/2019\/01\/hofanlage-geschnitzt.jpg 1400w\" sizes=\"(max-width: 300px) 100vw, 300px\" \/>\n\t\t\t<\/div>\n\t\t\t\t<figcaption class='wp-caption-text gallery-caption' id='gallery-1-331'>\n\t\t\t\tLagerst\u00e4tten\n\t\t\t\t<\/figcaption><\/figure><figure class='gallery-item'>\n\t\t\t<div class='gallery-icon landscape'>\n\t\t\t\t<img width=\"300\" height=\"150\" src=\"https:\/\/xn--dbbelt-lepping-vpb.de\/wp-content\/uploads\/2019\/01\/erntedank-geschnitzt-300x150.jpg\" class=\"attachment-medium size-medium\" alt=\"\" decoding=\"async\" loading=\"lazy\" aria-describedby=\"gallery-1-335\" srcset=\"https:\/\/xn--dbbelt-lepping-vpb.de\/wp-content\/uploads\/2019\/01\/erntedank-geschnitzt-300x150.jpg 300w, https:\/\/xn--dbbelt-lepping-vpb.de\/wp-content\/uploads\/2019\/01\/erntedank-geschnitzt-768x384.jpg 768w, https:\/\/xn--dbbelt-lepping-vpb.de\/wp-content\/uploads\/2019\/01\/erntedank-geschnitzt-1024x512.jpg 1024w, https:\/\/xn--dbbelt-lepping-vpb.de\/wp-content\/uploads\/2019\/01\/erntedank-geschnitzt.jpg 1200w\" sizes=\"(max-width: 300px) 100vw, 300px\" \/>\n\t\t\t<\/div>\n\t\t\t\t<figcaption class='wp-caption-text gallery-caption' id='gallery-1-335'>\n\t\t\t\tErntedankfest\n\t\t\t\t<\/figcaption><\/figure><figure class='gallery-item'>\n\t\t\t<div class='gallery-icon landscape'>\n\t\t\t\t<img width=\"300\" height=\"129\" src=\"https:\/\/xn--dbbelt-lepping-vpb.de\/wp-content\/uploads\/2019\/01\/bauernhaus-geschnitzt-300x129.jpg\" class=\"attachment-medium size-medium\" alt=\"\" decoding=\"async\" loading=\"lazy\" aria-describedby=\"gallery-1-328\" srcset=\"https:\/\/xn--dbbelt-lepping-vpb.de\/wp-content\/uploads\/2019\/01\/bauernhaus-geschnitzt-300x129.jpg 300w, https:\/\/xn--dbbelt-lepping-vpb.de\/wp-content\/uploads\/2019\/01\/bauernhaus-geschnitzt-768x329.jpg 768w, https:\/\/xn--dbbelt-lepping-vpb.de\/wp-content\/uploads\/2019\/01\/bauernhaus-geschnitzt-1024x439.jpg 1024w, https:\/\/xn--dbbelt-lepping-vpb.de\/wp-content\/uploads\/2019\/01\/bauernhaus-geschnitzt.jpg 1400w\" sizes=\"(max-width: 300px) 100vw, 300px\" \/>\n\t\t\t<\/div>\n\t\t\t\t<figcaption class='wp-caption-text gallery-caption' id='gallery-1-328'>\n\t\t\t\tBauernhaus\n\t\t\t\t<\/figcaption><\/figure><figure class='gallery-item'>\n\t\t\t<div class='gallery-icon landscape'>\n\t\t\t\t<img width=\"300\" height=\"150\" src=\"https:\/\/xn--dbbelt-lepping-vpb.de\/wp-content\/uploads\/2019\/01\/weihnachten-geschnitzt-300x150.jpg\" class=\"attachment-medium size-medium\" alt=\"\" decoding=\"async\" loading=\"lazy\" aria-describedby=\"gallery-1-336\" srcset=\"https:\/\/xn--dbbelt-lepping-vpb.de\/wp-content\/uploads\/2019\/01\/weihnachten-geschnitzt-300x150.jpg 300w, https:\/\/xn--dbbelt-lepping-vpb.de\/wp-content\/uploads\/2019\/01\/weihnachten-geschnitzt-768x384.jpg 768w, https:\/\/xn--dbbelt-lepping-vpb.de\/wp-content\/uploads\/2019\/01\/weihnachten-geschnitzt-1024x512.jpg 1024w, https:\/\/xn--dbbelt-lepping-vpb.de\/wp-content\/uploads\/2019\/01\/weihnachten-geschnitzt.jpg 1200w\" sizes=\"(max-width: 300px) 100vw, 300px\" \/>\n\t\t\t<\/div>\n\t\t\t\t<figcaption class='wp-caption-text gallery-caption' id='gallery-1-336'>\n\t\t\t\tWeihnachten \n\t\t\t\t<\/figcaption><\/figure>\n\t\t<\/div>\n\n\n\n<p style=\"font-size:10px\">Home<\/p>\n","protected":false},"excerpt":{"rendered":"<p>anerkannter Ausbildungsbetrieb seit 2015 Der Hof D\u00f6bbelt-Lepping befindet sich in der Stadtlohner Bauerschaft Almsick. Dort ist eine typische westf\u00e4lische Landwirtschaft zu finden. Die Geb\u00e4ude sind umgeben von einem kleinen W\u00e4ldchen und alten Wallhecken und f\u00fcgen sich harmonisch in die m\u00fcnsterl\u00e4ndische Parklandschaft. Viehzucht mit Tradition Die Viehzucht ist bereits seit Jahrhunderten auf dem Hof D\u00f6bbelt-Lepping\u00a0verankert. Dabei &hellip; <a href=\"https:\/\/xn--dbbelt-lepping-vpb.de\/\" class=\"more-link\"><span class=\"screen-reader-text\">Hofportrait<\/span> weiterlesen<\/a><\/p>\n","protected":false},"author":1,"featured_media":0,"parent":0,"menu_order":0,"comment_status":"closed","ping_status":"closed","template":"","meta":[],"_links":{"self":[{"href":"https:\/\/xn--dbbelt-lepping-vpb.de\/index.php?rest_route=\/wp\/v2\/pages\/23"}],"collection":[{"href":"https:\/\/xn--dbbelt-lepping-vpb.de\/index.php?rest_route=\/wp\/v2\/pages"}],"about":[{"href":"https:\/\/xn--dbbelt-lepping-vpb.de\/index.php?rest_route=\/wp\/v2\/types\/page"}],"author":[{"embeddable":true,"href":"https:\/\/xn--dbbelt-lepping-vpb.de\/index.php?rest_route=\/wp\/v2\/users\/1"}],"replies":[{"embeddable":true,"href":"https:\/\/xn--dbbelt-lepping-vpb.de\/index.php?rest_route=%2Fwp%2Fv2%2Fcomments&post=23"}],"version-history":[{"count":50,"href":"https:\/\/xn--dbbelt-lepping-vpb.de\/index.php?rest_route=\/wp\/v2\/pages\/23\/revisions"}],"predecessor-version":[{"id":516,"href":"https:\/\/xn--dbbelt-lepping-vpb.de\/index.php?rest_route=\/wp\/v2\/pages\/23\/revisions\/516"}],"wp:attachment":[{"href":"https:\/\/xn--dbbelt-lepping-vpb.de\/index.php?rest_route=%2Fwp%2Fv2%2Fmedia&parent=23"}],"curies":[{"name":"wp","href":"https:\/\/api.w.org\/{rel}","templated":true}]}}