{"id":127,"date":"2016-02-10T20:51:55","date_gmt":"2016-02-10T20:51:55","guid":{"rendered":"http:\/\/xn--dbbelt-lepping-vpb.de\/?page_id=127"},"modified":"2019-02-27T07:45:51","modified_gmt":"2019-02-27T07:45:51","slug":"regionale-erzeugung","status":"publish","type":"page","link":"https:\/\/xn--dbbelt-lepping-vpb.de\/?page_id=127","title":{"rendered":"Haltung der Rinder"},"content":{"rendered":"<h2>Weidehaltung<\/h2>\n<p>Alle Tiere stammen aus erstklassigen Zuchtbetrieben aus Deutschland, Frankreich oder den Niederlanden.<\/p>\n<p><img decoding=\"async\" loading=\"lazy\" class=\"alignnone wp-image-288 size-full\" src=\"http:\/\/xn--dbbelt-lepping-vpb.de\/wp-content\/uploads\/2019\/01\/mutterkuh_2.jpg\" alt=\"\" width=\"1280\" height=\"853\" srcset=\"https:\/\/xn--dbbelt-lepping-vpb.de\/wp-content\/uploads\/2019\/01\/mutterkuh_2.jpg 1280w, https:\/\/xn--dbbelt-lepping-vpb.de\/wp-content\/uploads\/2019\/01\/mutterkuh_2-300x200.jpg 300w, https:\/\/xn--dbbelt-lepping-vpb.de\/wp-content\/uploads\/2019\/01\/mutterkuh_2-768x512.jpg 768w, https:\/\/xn--dbbelt-lepping-vpb.de\/wp-content\/uploads\/2019\/01\/mutterkuh_2-1024x682.jpg 1024w\" sizes=\"(max-width: 1280px) 100vw, 1280px\" \/><\/p>\n<p>Die Tiere werden zun\u00e4chst in der sogenannten Mutterkuhhaltung auf der Wiese als s\u00e4ugende K\u00e4lber von der Mutterkuh aufgezogen. 8 bis 10 Monate verbringen die K\u00e4lber bei der Mutterkuh. Dabei gew\u00f6hnen sie sich langsam ans Gras fressen.<\/p>\n<h3>Tretmist Stall<\/h3>\n<p><img decoding=\"async\" loading=\"lazy\" class=\"alignnone wp-image-319 size-large\" src=\"http:\/\/xn--dbbelt-lepping-vpb.de\/wp-content\/uploads\/2019\/01\/rinder-5-1024x640.jpg\" alt=\"\" width=\"660\" height=\"413\" srcset=\"https:\/\/xn--dbbelt-lepping-vpb.de\/wp-content\/uploads\/2019\/01\/rinder-5-1024x640.jpg 1024w, https:\/\/xn--dbbelt-lepping-vpb.de\/wp-content\/uploads\/2019\/01\/rinder-5-300x188.jpg 300w, https:\/\/xn--dbbelt-lepping-vpb.de\/wp-content\/uploads\/2019\/01\/rinder-5-768x480.jpg 768w, https:\/\/xn--dbbelt-lepping-vpb.de\/wp-content\/uploads\/2019\/01\/rinder-5.jpg 1200w\" sizes=\"(max-width: 660px) 100vw, 660px\" \/><\/p>\n<p>Mit ungef\u00e4hr 10 Monaten&nbsp;werden die Jungtiere&nbsp;zu uns auf den Hof nach Almsick gebracht.<\/p>\n<p>Dort werden&nbsp;sie in einem Tretmist Stall mit viel Platz&nbsp;auf Stroh gehalten und bekommen weiterhin eine Gras- betonte F\u00fctterung.<\/p>\n<h3>F\u00fctterungskonzept<\/h3>\n<p><!--more--><!--more--><img decoding=\"async\" loading=\"lazy\" class=\"alignnone wp-image-436 size-large\" src=\"http:\/\/xn--dbbelt-lepping-vpb.de\/wp-content\/uploads\/2019\/01\/futtertisch-panorama-1024x427.jpg\" alt=\"\" width=\"660\" height=\"275\" srcset=\"https:\/\/xn--dbbelt-lepping-vpb.de\/wp-content\/uploads\/2019\/01\/futtertisch-panorama-1024x427.jpg 1024w, https:\/\/xn--dbbelt-lepping-vpb.de\/wp-content\/uploads\/2019\/01\/futtertisch-panorama-300x125.jpg 300w, https:\/\/xn--dbbelt-lepping-vpb.de\/wp-content\/uploads\/2019\/01\/futtertisch-panorama-768x320.jpg 768w, https:\/\/xn--dbbelt-lepping-vpb.de\/wp-content\/uploads\/2019\/01\/futtertisch-panorama.jpg 1800w\" sizes=\"(max-width: 660px) 100vw, 660px\" \/> F\u00fctterungsstrategie ist dem&nbsp;Alter und dem Gewicht der Tiere angepasst.&nbsp;Sie bekommen mehrmals t\u00e4glich ihr Futter. Somit ist es immer ruhig im Stall und die Tiere sind zufrieden.<\/p>\n<p><img decoding=\"async\" loading=\"lazy\" class=\"size-thumbnail wp-image-438 alignleft\" src=\"http:\/\/xn--dbbelt-lepping-vpb.de\/wp-content\/uploads\/2019\/01\/futterqualitaet-150x150.jpg\" alt=\"\" width=\"150\" height=\"150\">Es werden keine Fertigfutter verwendet, sondern alles wird aus hochwertigen Einzelkomponenten frisch zusammen gemischt.<\/p>\n<p><img decoding=\"async\" loading=\"lazy\" class=\"alignnone wp-image-435 size-large\" src=\"http:\/\/xn--dbbelt-lepping-vpb.de\/wp-content\/uploads\/2019\/01\/fuetterungsanlage-1024x683.jpg\" alt=\"\" width=\"660\" height=\"440\" srcset=\"https:\/\/xn--dbbelt-lepping-vpb.de\/wp-content\/uploads\/2019\/01\/fuetterungsanlage-1024x683.jpg 1024w, https:\/\/xn--dbbelt-lepping-vpb.de\/wp-content\/uploads\/2019\/01\/fuetterungsanlage-300x200.jpg 300w, https:\/\/xn--dbbelt-lepping-vpb.de\/wp-content\/uploads\/2019\/01\/fuetterungsanlage-768x512.jpg 768w, https:\/\/xn--dbbelt-lepping-vpb.de\/wp-content\/uploads\/2019\/01\/fuetterungsanlage.jpg 1200w\" sizes=\"(max-width: 660px) 100vw, 660px\" \/><\/p>\n<p>In der Futterzentrale werden die unterschiedlichen Futterkomponenten zu einer Mischung zusammengef\u00fchrt.<\/p>\n","protected":false},"excerpt":{"rendered":"<p>Weidehaltung Alle Tiere stammen aus erstklassigen Zuchtbetrieben aus Deutschland, Frankreich oder den Niederlanden. Die Tiere werden zun\u00e4chst in der sogenannten Mutterkuhhaltung auf der Wiese als s\u00e4ugende K\u00e4lber von der Mutterkuh aufgezogen. 8 bis 10 Monate verbringen die K\u00e4lber bei der Mutterkuh. Dabei gew\u00f6hnen sie sich langsam ans Gras fressen. Tretmist Stall Mit ungef\u00e4hr 10 Monaten&nbsp;werden &hellip; <a href=\"https:\/\/xn--dbbelt-lepping-vpb.de\/?page_id=127\" class=\"more-link\"><span class=\"screen-reader-text\">Haltung der Rinder<\/span> weiterlesen<\/a><\/p>\n","protected":false},"author":1,"featured_media":0,"parent":11,"menu_order":0,"comment_status":"closed","ping_status":"closed","template":"","meta":[],"_links":{"self":[{"href":"https:\/\/xn--dbbelt-lepping-vpb.de\/index.php?rest_route=\/wp\/v2\/pages\/127"}],"collection":[{"href":"https:\/\/xn--dbbelt-lepping-vpb.de\/index.php?rest_route=\/wp\/v2\/pages"}],"about":[{"href":"https:\/\/xn--dbbelt-lepping-vpb.de\/index.php?rest_route=\/wp\/v2\/types\/page"}],"author":[{"embeddable":true,"href":"https:\/\/xn--dbbelt-lepping-vpb.de\/index.php?rest_route=\/wp\/v2\/users\/1"}],"replies":[{"embeddable":true,"href":"https:\/\/xn--dbbelt-lepping-vpb.de\/index.php?rest_route=%2Fwp%2Fv2%2Fcomments&post=127"}],"version-history":[{"count":21,"href":"https:\/\/xn--dbbelt-lepping-vpb.de\/index.php?rest_route=\/wp\/v2\/pages\/127\/revisions"}],"predecessor-version":[{"id":504,"href":"https:\/\/xn--dbbelt-lepping-vpb.de\/index.php?rest_route=\/wp\/v2\/pages\/127\/revisions\/504"}],"up":[{"embeddable":true,"href":"https:\/\/xn--dbbelt-lepping-vpb.de\/index.php?rest_route=\/wp\/v2\/pages\/11"}],"wp:attachment":[{"href":"https:\/\/xn--dbbelt-lepping-vpb.de\/index.php?rest_route=%2Fwp%2Fv2%2Fmedia&parent=127"}],"curies":[{"name":"wp","href":"https:\/\/api.w.org\/{rel}","templated":true}]}}