{"id":118,"date":"2016-02-10T21:30:25","date_gmt":"2016-02-10T21:30:25","guid":{"rendered":"http:\/\/xn--dbbelt-lepping-vpb.de\/?page_id=118"},"modified":"2019-02-25T17:44:41","modified_gmt":"2019-02-25T17:44:41","slug":"limousin-rinder","status":"publish","type":"page","link":"https:\/\/xn--dbbelt-lepping-vpb.de\/?page_id=118","title":{"rendered":"Die Rasse Limousin"},"content":{"rendered":"<p>Limousin-Rinder wurden in der Region Limousin im Herzen von Frankreich als Zug- und Mastrind gez\u00fcchtet. Dank seiner Qualit\u00e4ten sowie Anpassungs- und Widerstandsf\u00e4higkeit gegen klimatische Gegebenheiten, verbunden mit Leichtkalbigkeit und hervorragendem Schlachtk\u00f6rper, hat sich die Rasse Limousin \u00fcber die Grenzen ihres Ursprungsgebietes in vielen L\u00e4ndern verbreitet. Aus der lokalen Rasse wurde ein international gesch\u00e4tztes Mastrind.<\/p>\n<p><img decoding=\"async\" loading=\"lazy\" class=\"wp-image-289 size-thumbnail alignnone\" src=\"http:\/\/xn--dbbelt-lepping-vpb.de\/wp-content\/uploads\/2019\/01\/mutterkuh_3-150x150.jpg\" alt=\"\" width=\"150\" height=\"150\">&nbsp; &nbsp;&nbsp;<img decoding=\"async\" loading=\"lazy\" class=\"alignnone wp-image-290 size-thumbnail\" src=\"http:\/\/xn--dbbelt-lepping-vpb.de\/wp-content\/uploads\/2019\/01\/mutterkuh_4-150x150.jpg\" alt=\"\" width=\"150\" height=\"150\"><\/p>\n<h3>Das besonderes zarte Fleisch<\/h3>\n<p>Das Limousinfleisch gilt als absolute Delikatesse, weil es feinfaserig, zart und gut marmoriert ist.<\/p>\n<p><img decoding=\"async\" loading=\"lazy\" class=\"alignnone size-thumbnail wp-image-281\" src=\"http:\/\/xn--dbbelt-lepping-vpb.de\/wp-content\/uploads\/2019\/01\/fleisch-C-150x150.jpg\" alt=\"\" width=\"150\" height=\"150\">&nbsp; &nbsp;&nbsp; &nbsp;<img decoding=\"async\" loading=\"lazy\" class=\"alignnone size-thumbnail wp-image-278\" src=\"http:\/\/xn--dbbelt-lepping-vpb.de\/wp-content\/uploads\/2019\/01\/fleisch-3-150x150.jpg\" alt=\"\" width=\"150\" height=\"150\"><\/p>\n<h4>Besondere Pluspunkte:<\/h4>\n<p>+&nbsp;feingef\u00e4\u00dfiges Fleisch<br \/>\n+ intramuskul\u00e4res Fett als Geschmackstr\u00e4ger<br \/>\n+ ausgewogenes Fleisch-\/Fettverh\u00e4ltnis<br \/>\n+&nbsp;au\u00dfergew\u00f6hnlich zart<br \/>\n+ saftig ausgepr\u00e4gter Geschmack<br \/>\n+ cholesterinarmes Fleisch<\/p>\n","protected":false},"excerpt":{"rendered":"<p>Limousin-Rinder wurden in der Region Limousin im Herzen von Frankreich als Zug- und Mastrind gez\u00fcchtet. Dank seiner Qualit\u00e4ten sowie Anpassungs- und Widerstandsf\u00e4higkeit gegen klimatische Gegebenheiten, verbunden mit Leichtkalbigkeit und hervorragendem Schlachtk\u00f6rper, hat sich die Rasse Limousin \u00fcber die Grenzen ihres Ursprungsgebietes in vielen L\u00e4ndern verbreitet. Aus der lokalen Rasse wurde ein international gesch\u00e4tztes Mastrind. &nbsp; &hellip; <a href=\"https:\/\/xn--dbbelt-lepping-vpb.de\/?page_id=118\" class=\"more-link\"><span class=\"screen-reader-text\">Die Rasse Limousin<\/span> weiterlesen<\/a><\/p>\n","protected":false},"author":1,"featured_media":461,"parent":11,"menu_order":0,"comment_status":"closed","ping_status":"closed","template":"","meta":[],"_links":{"self":[{"href":"https:\/\/xn--dbbelt-lepping-vpb.de\/index.php?rest_route=\/wp\/v2\/pages\/118"}],"collection":[{"href":"https:\/\/xn--dbbelt-lepping-vpb.de\/index.php?rest_route=\/wp\/v2\/pages"}],"about":[{"href":"https:\/\/xn--dbbelt-lepping-vpb.de\/index.php?rest_route=\/wp\/v2\/types\/page"}],"author":[{"embeddable":true,"href":"https:\/\/xn--dbbelt-lepping-vpb.de\/index.php?rest_route=\/wp\/v2\/users\/1"}],"replies":[{"embeddable":true,"href":"https:\/\/xn--dbbelt-lepping-vpb.de\/index.php?rest_route=%2Fwp%2Fv2%2Fcomments&post=118"}],"version-history":[{"count":15,"href":"https:\/\/xn--dbbelt-lepping-vpb.de\/index.php?rest_route=\/wp\/v2\/pages\/118\/revisions"}],"predecessor-version":[{"id":491,"href":"https:\/\/xn--dbbelt-lepping-vpb.de\/index.php?rest_route=\/wp\/v2\/pages\/118\/revisions\/491"}],"up":[{"embeddable":true,"href":"https:\/\/xn--dbbelt-lepping-vpb.de\/index.php?rest_route=\/wp\/v2\/pages\/11"}],"wp:featuredmedia":[{"embeddable":true,"href":"https:\/\/xn--dbbelt-lepping-vpb.de\/index.php?rest_route=\/wp\/v2\/media\/461"}],"wp:attachment":[{"href":"https:\/\/xn--dbbelt-lepping-vpb.de\/index.php?rest_route=%2Fwp%2Fv2%2Fmedia&parent=118"}],"curies":[{"name":"wp","href":"https:\/\/api.w.org\/{rel}","templated":true}]}}