{"id":11,"date":"2016-01-13T21:03:08","date_gmt":"2016-01-13T21:03:08","guid":{"rendered":"http:\/\/xn--dbbelt-lepping-vpb.de\/?page_id=11"},"modified":"2019-02-25T16:46:43","modified_gmt":"2019-02-25T16:46:43","slug":"die-erste-website","status":"publish","type":"page","link":"https:\/\/xn--dbbelt-lepping-vpb.de\/?page_id=11","title":{"rendered":"Qualit\u00e4ts Rindfleisch"},"content":{"rendered":"<p><img decoding=\"async\" loading=\"lazy\" class=\"size-thumbnail wp-image-298 alignleft\" src=\"http:\/\/xn--dbbelt-lepping-vpb.de\/wp-content\/uploads\/2019\/01\/WK0YN6Q6-150x150.jpg\" alt=\"\" width=\"150\" height=\"150\" \/>&#8222;Unser wichtigster Betriebszweig ist die Erzeugung von Qualit\u00e4tsrindfleisch. Wir halten dazu ausschlie\u00dflich Fleischrinder der Rasse Limousin. Die Vermarktung erfolgt durch regionale\u00a0Partner,&#8220; so Benedikt D\u00f6bbelt-Lepping.<\/p>\n<p>Das Limousin-Rind ist eine Rinderrasse, die aus der gleichnamigen Region Limousin in Frankreich stammt. Sie ist besonders\u00a0bekannt f\u00fcr\u00a0das schmackhafte Fleisch.<\/p>\n<p>Bei uns auf dem Betrieb werden\u00a0die Tiere\u00a0in\u00a0einem hochmodernen Tretmiststall auf Stroh gehalten. Das Besondere am Stall ist die artgerechte Haltungsform auf Stroh\u00a0kombiniert mit einer vollautomatischen F\u00fctterung.<\/p>\n<p>Das minimiert den t\u00e4glichen Arbeitsaufwand und versorgt die Tiere regelm\u00e4\u00dfig mit hochwertigem Futter. Durch die kleinen Portionen \u00fcber den Tag verteilt, ist die Futterverwertung optimal.<\/p>\n<div id='gallery-1' class='gallery galleryid-11 gallery-columns-3 gallery-size-thumbnail'><figure class='gallery-item'>\n\t\t\t<div class='gallery-icon landscape'>\n\t\t\t\t<img width=\"150\" height=\"150\" src=\"https:\/\/xn--dbbelt-lepping-vpb.de\/wp-content\/uploads\/2019\/01\/mutterkuh_5-150x150.jpg\" class=\"attachment-thumbnail size-thumbnail\" alt=\"\" decoding=\"async\" loading=\"lazy\" \/>\n\t\t\t<\/div><\/figure><figure class='gallery-item'>\n\t\t\t<div class='gallery-icon portrait'>\n\t\t\t\t<img width=\"150\" height=\"150\" src=\"https:\/\/xn--dbbelt-lepping-vpb.de\/wp-content\/uploads\/2019\/01\/rinder-1-150x150.jpg\" class=\"attachment-thumbnail size-thumbnail\" alt=\"\" decoding=\"async\" loading=\"lazy\" \/>\n\t\t\t<\/div><\/figure><figure class='gallery-item'>\n\t\t\t<div class='gallery-icon landscape'>\n\t\t\t\t<img width=\"150\" height=\"150\" src=\"https:\/\/xn--dbbelt-lepping-vpb.de\/wp-content\/uploads\/2019\/01\/stall-1-150x150.jpg\" class=\"attachment-thumbnail size-thumbnail\" alt=\"\" decoding=\"async\" loading=\"lazy\" \/>\n\t\t\t<\/div><\/figure><figure class='gallery-item'>\n\t\t\t<div class='gallery-icon landscape'>\n\t\t\t\t<img width=\"150\" height=\"150\" src=\"https:\/\/xn--dbbelt-lepping-vpb.de\/wp-content\/uploads\/2019\/01\/rinder-2-150x150.jpg\" class=\"attachment-thumbnail size-thumbnail\" alt=\"\" decoding=\"async\" loading=\"lazy\" \/>\n\t\t\t<\/div><\/figure><figure class='gallery-item'>\n\t\t\t<div class='gallery-icon landscape'>\n\t\t\t\t<img width=\"150\" height=\"150\" src=\"https:\/\/xn--dbbelt-lepping-vpb.de\/wp-content\/uploads\/2019\/02\/limousin-titel-150x150.jpg\" class=\"attachment-thumbnail size-thumbnail\" alt=\"\" decoding=\"async\" loading=\"lazy\" \/>\n\t\t\t<\/div><\/figure><figure class='gallery-item'>\n\t\t\t<div class='gallery-icon landscape'>\n\t\t\t\t<img width=\"150\" height=\"150\" src=\"https:\/\/xn--dbbelt-lepping-vpb.de\/wp-content\/uploads\/2019\/01\/rinder-5-150x150.jpg\" class=\"attachment-thumbnail size-thumbnail\" alt=\"\" decoding=\"async\" loading=\"lazy\" \/>\n\t\t\t<\/div><\/figure><figure class='gallery-item'>\n\t\t\t<div class='gallery-icon landscape'>\n\t\t\t\t<img width=\"150\" height=\"150\" src=\"https:\/\/xn--dbbelt-lepping-vpb.de\/wp-content\/uploads\/2019\/01\/stall-streuen-150x150.jpg\" class=\"attachment-thumbnail size-thumbnail\" alt=\"\" decoding=\"async\" loading=\"lazy\" \/>\n\t\t\t<\/div><\/figure><figure class='gallery-item'>\n\t\t\t<div class='gallery-icon landscape'>\n\t\t\t\t<img width=\"150\" height=\"150\" src=\"https:\/\/xn--dbbelt-lepping-vpb.de\/wp-content\/uploads\/2019\/01\/frischer-einstreu-150x150.jpg\" class=\"attachment-thumbnail size-thumbnail\" alt=\"\" decoding=\"async\" loading=\"lazy\" \/>\n\t\t\t<\/div><\/figure><figure class='gallery-item'>\n\t\t\t<div class='gallery-icon landscape'>\n\t\t\t\t<img width=\"150\" height=\"150\" src=\"https:\/\/xn--dbbelt-lepping-vpb.de\/wp-content\/uploads\/2019\/01\/mutterkuh_3-150x150.jpg\" class=\"attachment-thumbnail size-thumbnail\" alt=\"\" decoding=\"async\" loading=\"lazy\" \/>\n\t\t\t<\/div><\/figure>\n\t\t<\/div>\n\n","protected":false},"excerpt":{"rendered":"<p>&#8222;Unser wichtigster Betriebszweig ist die Erzeugung von Qualit\u00e4tsrindfleisch. Wir halten dazu ausschlie\u00dflich Fleischrinder der Rasse Limousin. Die Vermarktung erfolgt durch regionale\u00a0Partner,&#8220; so Benedikt D\u00f6bbelt-Lepping. Das Limousin-Rind ist eine Rinderrasse, die aus der gleichnamigen Region Limousin in Frankreich stammt. Sie ist besonders\u00a0bekannt f\u00fcr\u00a0das schmackhafte Fleisch. Bei uns auf dem Betrieb werden\u00a0die Tiere\u00a0in\u00a0einem hochmodernen Tretmiststall auf Stroh &hellip; <a href=\"https:\/\/xn--dbbelt-lepping-vpb.de\/?page_id=11\" class=\"more-link\"><span class=\"screen-reader-text\">Qualit\u00e4ts Rindfleisch<\/span> weiterlesen<\/a><\/p>\n","protected":false},"author":1,"featured_media":0,"parent":0,"menu_order":0,"comment_status":"closed","ping_status":"closed","template":"","meta":[],"_links":{"self":[{"href":"https:\/\/xn--dbbelt-lepping-vpb.de\/index.php?rest_route=\/wp\/v2\/pages\/11"}],"collection":[{"href":"https:\/\/xn--dbbelt-lepping-vpb.de\/index.php?rest_route=\/wp\/v2\/pages"}],"about":[{"href":"https:\/\/xn--dbbelt-lepping-vpb.de\/index.php?rest_route=\/wp\/v2\/types\/page"}],"author":[{"embeddable":true,"href":"https:\/\/xn--dbbelt-lepping-vpb.de\/index.php?rest_route=\/wp\/v2\/users\/1"}],"replies":[{"embeddable":true,"href":"https:\/\/xn--dbbelt-lepping-vpb.de\/index.php?rest_route=%2Fwp%2Fv2%2Fcomments&post=11"}],"version-history":[{"count":22,"href":"https:\/\/xn--dbbelt-lepping-vpb.de\/index.php?rest_route=\/wp\/v2\/pages\/11\/revisions"}],"predecessor-version":[{"id":467,"href":"https:\/\/xn--dbbelt-lepping-vpb.de\/index.php?rest_route=\/wp\/v2\/pages\/11\/revisions\/467"}],"wp:attachment":[{"href":"https:\/\/xn--dbbelt-lepping-vpb.de\/index.php?rest_route=%2Fwp%2Fv2%2Fmedia&parent=11"}],"curies":[{"name":"wp","href":"https:\/\/api.w.org\/{rel}","templated":true}]}}